{"id":930,"date":"2017-04-06T22:01:47","date_gmt":"2017-04-06T20:01:47","guid":{"rendered":"https:\/\/velo-utile.fr\/site\/?page_id=930"},"modified":"2022-04-11T23:54:47","modified_gmt":"2022-04-11T21:54:47","slug":"latelier-de-velo-utile","status":"publish","type":"page","link":"https:\/\/velo-utile.fr\/site\/latelier-de-velo-utile\/","title":{"rendered":"l&rsquo;Atelier de V\u00e9lo Utile &#8211; Fonctionnement"},"content":{"rendered":"<p><img loading=\"lazy\" decoding=\"async\" class=\"aligncenter size-full wp-image-312\" src=\"https:\/\/velo-utile.fr\/site\/wp-content\/uploads\/import\/AtelierMecaniqueGenerale.jpg\" alt=\"\" width=\"1217\" height=\"547\" srcset=\"https:\/\/velo-utile.fr\/site\/wp-content\/uploads\/import\/AtelierMecaniqueGenerale.jpg 1217w, https:\/\/velo-utile.fr\/site\/wp-content\/uploads\/import\/AtelierMecaniqueGenerale-600x270.jpg 600w\" sizes=\"auto, (max-width: 1217px) 100vw, 1217px\" \/><\/p>\n<p>L&rsquo;Atelier de V\u00e9lo Utile est un espace d\u00e9di\u00e9 \u00e0 l\u2019entretien, r\u00e9glage, r\u00e9paration des v\u00e9los des adh\u00e9rents de l&rsquo;association avec \u00e0 disposition l\u2019ensemble des outils n\u00e9cessaires \u00e0 cette activit\u00e9.<\/p>\n<p>On y trouve des pi\u00e8ces de seconde main (r\u00e9cup\u00e9r\u00e9es sur des v\u00e9los hors-service et jug\u00e9es aptes \u00e0 une nouvelle vie) et des pi\u00e8ces neuves pour l&rsquo;entretien courant (c\u00e2ble frein et d\u00e9railleur, gaine frein et d\u00e9railleur, patin de frein).<\/p>\n<p>LE PRINCIPE, l\u2019<strong>auto-r\u00e9paration<\/strong>! avec les conseils des b\u00e9n\u00e9voles de V\u00e9lo Utile pour vous guider dans votre projet et vous permettre de gagner en comp\u00e9tence et autonomie.<\/p>\n<p>L&rsquo;OBJECTIF \u00e9tant au final de permettre\u00a0 aux adh\u00e9rents d&rsquo;utiliser leur v\u00e9lo pr\u00e9f\u00e9r\u00e9 dans de bonnes conditions pour une pratique au quotidien plus ais\u00e9e et ma\u00eetris\u00e9e.<\/p>\n<p>Plus largement l&rsquo;atelier est aussi un lieu agit\u00e9, \u00e0 l&rsquo;ambiance des plus conviviale avec aussi des animations organis\u00e9es ponctuellement (soir\u00e9e th\u00e9matique, session de formation, rencontres, r\u00e9unions, &#8230; ).<\/p>\n","protected":false},"excerpt":{"rendered":"<p>L&rsquo;Atelier de V\u00e9lo Utile est un espace d\u00e9di\u00e9 \u00e0 l\u2019entretien, r\u00e9glage, r\u00e9paration des v\u00e9los des adh\u00e9rents de l&rsquo;association avec \u00e0 disposition l\u2019ensemble des outils n\u00e9cessaires \u00e0 cette activit\u00e9. On y trouve des pi\u00e8ces de seconde main (r\u00e9cup\u00e9r\u00e9es sur des v\u00e9los<\/p>\n","protected":false},"author":1,"featured_media":931,"parent":0,"menu_order":0,"comment_status":"closed","ping_status":"closed","template":"","meta":{"footnotes":""},"class_list":["post-930","page","type-page","status-publish","has-post-thumbnail","hentry"],"_links":{"self":[{"href":"https:\/\/velo-utile.fr\/site\/wp-json\/wp\/v2\/pages\/930","targetHints":{"allow":["GET"]}}],"collection":[{"href":"https:\/\/velo-utile.fr\/site\/wp-json\/wp\/v2\/pages"}],"about":[{"href":"https:\/\/velo-utile.fr\/site\/wp-json\/wp\/v2\/types\/page"}],"author":[{"embeddable":true,"href":"https:\/\/velo-utile.fr\/site\/wp-json\/wp\/v2\/users\/1"}],"replies":[{"embeddable":true,"href":"https:\/\/velo-utile.fr\/site\/wp-json\/wp\/v2\/comments?post=930"}],"version-history":[{"count":31,"href":"https:\/\/velo-utile.fr\/site\/wp-json\/wp\/v2\/pages\/930\/revisions"}],"predecessor-version":[{"id":3407,"href":"https:\/\/velo-utile.fr\/site\/wp-json\/wp\/v2\/pages\/930\/revisions\/3407"}],"wp:featuredmedia":[{"embeddable":true,"href":"https:\/\/velo-utile.fr\/site\/wp-json\/wp\/v2\/media\/931"}],"wp:attachment":[{"href":"https:\/\/velo-utile.fr\/site\/wp-json\/wp\/v2\/media?parent=930"}],"curies":[{"name":"wp","href":"https:\/\/api.w.org\/{rel}","templated":true}]}}