{"id":605,"date":"2017-03-29T11:00:35","date_gmt":"2017-03-29T09:00:35","guid":{"rendered":"http:\/\/velo-utile.fr\/blog02\/?page_id=605"},"modified":"2017-04-05T12:30:37","modified_gmt":"2017-04-05T10:30:37","slug":"cartes","status":"publish","type":"page","link":"https:\/\/velo-utile.fr\/site\/cartes\/","title":{"rendered":"Cartes"},"content":{"rendered":"<h2>Itin\u00e9raires utiles pour les v\u00e9los dans l&rsquo;Agglom\u00e9ration de Saint Brieuc<\/h2>\n<p><iframe loading=\"lazy\" src=\"https:\/\/umap.openstreetmap.fr\/fr\/map\/itineraires-utiles-pour-les-velos-dans-lagglomerat_90672?scaleControl=false&amp;miniMap=false&amp;scrollWheelZoom=false&amp;zoomControl=true&amp;allowEdit=false&amp;moreControl=true&amp;searchControl=null&amp;tilelayersControl=null&amp;embedControl=null&amp;datalayersControl=true&amp;onLoadPanel=caption&amp;captionBar=false\" width=\"100%\" height=\"300px\" frameborder=\"0\"><\/iframe><\/p>\n<p><a href=\"https:\/\/umap.openstreetmap.fr\/fr\/map\/itineraires-utiles-pour-les-velos-dans-lagglomerat_90672\"><strong>Voir la carte en plein \u00e9cran<\/strong><\/a><\/p>\n<h2>Carte des temps de parcours<\/h2>\n<p><iframe loading=\"lazy\" src=\"https:\/\/umap.openstreetmap.fr\/fr\/map\/temps-de-parcours-velos-dans-lagglomeration-de-sai_91792?scaleControl=false&amp;miniMap=false&amp;scrollWheelZoom=false&amp;zoomControl=true&amp;allowEdit=false&amp;moreControl=true&amp;searchControl=null&amp;tilelayersControl=null&amp;embedControl=null&amp;datalayersControl=true&amp;onLoadPanel=caption&amp;captionBar=false\" width=\"100%\" height=\"300px\" frameborder=\"0\"><\/iframe><\/p>\n<p><a href=\"https:\/\/umap.openstreetmap.fr\/fr\/map\/temps-de-parcours-velos-dans-lagglomeration-de-sai_91792\"><strong>Voir la carte en plein \u00e9cran<\/strong><\/a><\/p>\n<h2>Carte des parkings v\u00e9lo<\/h2>\n<p><iframe loading=\"lazy\" src=\"https:\/\/umap.openstreetmap.fr\/fr\/map\/parkings-velos-dans-lagglomeration-de-saint-brieuc_92346?scaleControl=false&amp;miniMap=false&amp;scrollWheelZoom=false&amp;zoomControl=true&amp;allowEdit=false&amp;moreControl=true&amp;searchControl=null&amp;tilelayersControl=null&amp;embedControl=null&amp;datalayersControl=true&amp;onLoadPanel=caption&amp;captionBar=false\" width=\"100%\" height=\"300px\" frameborder=\"0\"><\/iframe><\/p>\n<p><a href=\"https:\/\/umap.openstreetmap.fr\/fr\/map\/parkings-velos-dans-lagglomeration-de-saint-brieuc_92346\"><strong>Voir la carte en plein \u00e9cran<\/strong><\/a><\/p>\n","protected":false},"excerpt":{"rendered":"<p>Itin\u00e9raires utiles pour les v\u00e9los dans l&rsquo;Agglom\u00e9ration de Saint Brieuc Voir la carte en plein \u00e9cran Carte des temps de parcours Voir la carte en plein \u00e9cran Carte des parkings v\u00e9lo Voir la carte en plein \u00e9cran<\/p>\n","protected":false},"author":1,"featured_media":0,"parent":0,"menu_order":4,"comment_status":"closed","ping_status":"closed","template":"","meta":{"footnotes":""},"class_list":["post-605","page","type-page","status-publish","hentry"],"_links":{"self":[{"href":"https:\/\/velo-utile.fr\/site\/wp-json\/wp\/v2\/pages\/605","targetHints":{"allow":["GET"]}}],"collection":[{"href":"https:\/\/velo-utile.fr\/site\/wp-json\/wp\/v2\/pages"}],"about":[{"href":"https:\/\/velo-utile.fr\/site\/wp-json\/wp\/v2\/types\/page"}],"author":[{"embeddable":true,"href":"https:\/\/velo-utile.fr\/site\/wp-json\/wp\/v2\/users\/1"}],"replies":[{"embeddable":true,"href":"https:\/\/velo-utile.fr\/site\/wp-json\/wp\/v2\/comments?post=605"}],"version-history":[{"count":10,"href":"https:\/\/velo-utile.fr\/site\/wp-json\/wp\/v2\/pages\/605\/revisions"}],"predecessor-version":[{"id":707,"href":"https:\/\/velo-utile.fr\/site\/wp-json\/wp\/v2\/pages\/605\/revisions\/707"}],"wp:attachment":[{"href":"https:\/\/velo-utile.fr\/site\/wp-json\/wp\/v2\/media?parent=605"}],"curies":[{"name":"wp","href":"https:\/\/api.w.org\/{rel}","templated":true}]}}