{"id":600,"date":"2017-03-29T10:54:00","date_gmt":"2017-03-29T08:54:00","guid":{"rendered":"http:\/\/velo-utile.fr\/blog02\/?page_id=600"},"modified":"2024-11-13T13:18:39","modified_gmt":"2024-11-13T12:18:39","slug":"proposez-vos-actions","status":"publish","type":"page","link":"https:\/\/velo-utile.fr\/site\/proposez-vos-actions\/","title":{"rendered":"Proposer"},"content":{"rendered":"<p>Cette fiche est destin\u00e9 \u00e0<strong> tous les adh\u00e9rents et sympathisants de V\u00e9lo Utile<\/strong> qui ont une id\u00e9e d&rsquo;action qui pourrait \u00eatre men\u00e9e par l&rsquo;association et qui souhaitent la proposer au Conseil d&rsquo;Administration (CA).<\/p>\n<p>Les propositions sont discut\u00e9es lors des <a href=\"https:\/\/velo-utile.fr\/site\/agenda-2\/\" target=\"_blank\" rel=\"noopener\"><strong>r\u00e9unions de CA<\/strong><\/a> (appel\u00e9 aussi CVU) qui ont lieu <strong>tous les mois <\/strong>(2\u00e8me lundi du mois, sauf contretemps), alors <strong>ne soyez pas trop press\u00e9<\/strong>. Le CA \u00e9valuera les propositions au regard des questions suivantes :<\/p>\n<ul>\n<li>est-ce que cela rentre <strong>dans le champ d&rsquo;action<\/strong> de l&rsquo;association ?<\/li>\n<li>avons-nous <strong>les capacit\u00e9s<\/strong> de mener cette action (capacit\u00e9s humaines ou financi\u00e8res)?<\/li>\n<li>avons-nous une personne int\u00e9ress\u00e9e pour<strong> piloter l&rsquo;action<\/strong> ?<\/li>\n<\/ul>\n<p>Une fois l&rsquo;action valid\u00e9e, une personne r\u00e9f\u00e9rent du projet sera identifi\u00e9e, elle sera charg\u00e9e de constituer un groupe de b\u00e9n\u00e9voles. Un budget indicatif sera allou\u00e9 et un calendrier de mise en \u0153uvre donn\u00e9. La personne r\u00e9f\u00e9rent sur le projet peut \u00eatre la personne qui a eu l&rsquo;id\u00e9e de l&rsquo;action ou tout autre membre adh\u00e9rent \u00e0 V\u00e9lo Utile. Son r\u00f4le sera d&rsquo;\u00eatre l&rsquo;interlocuteur du CA sur l&rsquo;action, de g\u00e9rer le budget allou\u00e9, de coordonner les b\u00e9n\u00e9voles impliqu\u00e9s, de s&rsquo;assurer le cas \u00e9ch\u00e9ant de la communication et de faire un retour en CA apr\u00e8s l&rsquo;action.<\/p>\n<p>Proposez une action en <strong>utilisant le formulaire Internet<\/strong> ou la<strong> version hors-ligne<\/strong> en bas de page.<\/p>\n<p>&nbsp;<\/p>\n<h2>Transmettez votre id\u00e9e par formulaire Internet<\/h2>\n<p style=\"text-align: left;\"><style type=\"text\/css\" id=\"cspFormShell_11_809465_style\">#cspFormShell_11_809465 {}\n#cspFormShell_11_809465 label {\n\twidth: 100%;\n}\n\/*Fields shell basic*\/\n#cspFormShell_11_809465 input:not([type=\"checkbox\"]):not([type=\"radio\"]),\n#cspFormShell_11_809465 textarea,\n#cspFormShell_11_809465 .cfsListSelect, \n#cspFormShell_11_809465 .cfsCheck,\n#cspFormShell_11_809465 button{\n    padding: 10px;\n    width: 100%;\n    font-size: 18px;\n    line-height: normal;  \tborder: 1px solidrgba(51,51,51,0.1);\n    color:rgba(51,51,51,0.7);\n  \tbackground-color:#f7f7f7;    hyphens: none;\n    border-radius: 0;\n    margin: 0;\n    max-width: 100%;\n    vertical-align: baseline;\n  \tdisplay: block;\n  \theight: auto;\n}\n#cspFormShell_11_809465 .cfsFieldShell input[type=\"submit\"]:not([type=\"checkbox\"]):not([type=\"radio\"]), \n#cspFormShell_11_809465 .cfsFieldShell input[type=\"reset\"]:not([type=\"checkbox\"]):not([type=\"radio\"]), \n#cspFormShell_11_809465 .cfsFieldShell input[type=\"button\"],\n#cspFormShell_11_809465 .cfsFieldShell button {\n\tcursor: pointer;\n  \tfont-weight: 700;\n    border: 0 none;\n    color: #fff;\n    text-transform: uppercase;\n  \t-webkit-appearance: none;\n}\n#cspFormShell_11_809465 .cfsFieldShell input[type=\"submit\"]:not([type=\"checkbox\"]):not([type=\"radio\"]), \n#cspFormShell_11_809465 .cfsFieldShell input[type=\"button\"],\n#cspFormShell_11_809465 .cfsFieldShell button {  \tbackground-color: #81d742;\n  \tbackground-image: none;}\n#cspFormShell_11_809465 .cfsFieldShell input[type=\"submit\"]:not([type=\"checkbox\"]):not([type=\"radio\"]):hover, \n#cspFormShell_11_809465 .cfsFieldShell input[type=\"button\"]:hover,\n#cspFormShell_11_809465 .cfsFieldShell button:hover {  \tbackground-color:rgba(129,215,66,0.7);}\n#cspFormShell_11_809465 .cfsFieldShell input[type=\"reset\"]:not([type=\"checkbox\"]):not([type=\"radio\"]) {  \tbackground-color: #dd9933;\n  \tbackground-image: none;}\n#cspFormShell_11_809465 .cfsFieldShell input[type=\"reset\"]:not([type=\"checkbox\"]):not([type=\"radio\"]):hover {  \tbackground-color:rgba(221,153,51,0.7);}\n\/* Placeholder text color -- selectors need to be separate to work. *\/\n#cspFormShell_11_809465 ::-webkit-input-placeholder {\n\tcolor: rgba(51, 51, 51, 0.7);\n}\n#cspFormShell_11_809465 :-moz-placeholder {\n\tcolor: rgba(51, 51, 51, 0.7);\n}\n#cspFormShell_11_809465 ::-moz-placeholder {\n\tcolor: rgba(51, 51, 51, 0.7);\n\topacity: 1; \/* Since FF19 lowers the opacity of the placeholder by default *\/\n}\n#cspFormShell_11_809465 :-ms-input-placeholder {\n\tcolor: rgba(51, 51, 51, 0.7);\n}#cspFormShell_11_809465 { width: 100%}#cspFormShell_11_809465 .cfsSuccessMsg { color: #4ae8ea !important}<\/style><div id=\"cspFormShell_11_809465\" class=\"cfsFormShell\"><form class=\"csfForm\" method=\"post\" action=\"https:\/\/velo-utile.fr\/site\/\">\n<div class=\"supRow cfsFieldsRow\"><div class=\"supSm6 cfsFieldCol\" data-name=\"first_name\" data-type=\"text\"><div class=\"cfsFieldShell cfsField_text\" ><input type=\"text\" name=\"fields[first_name]\" value=\"\" data-name=\"first_name\" required  placeholder=\"Votre Pr\u00e9nom\" \/><\/div><\/div><div class=\"supSm6 cfsFieldCol\" data-name=\"last_name\" data-type=\"text\"><div class=\"cfsFieldShell cfsField_text\" ><input type=\"text\" name=\"fields[last_name]\" value=\"\" data-name=\"last_name\" required  placeholder=\"Votre Nom\" \/><\/div><\/div><\/div><div class=\"supRow cfsFieldsRow\"><div class=\"supSm12 cfsFieldCol\" data-name=\"email\" data-type=\"email\"><div class=\"cfsFieldShell cfsField_email\" ><input type=\"email\" name=\"fields[email]\" value=\"\" data-name=\"email\" required  placeholder=\"Email\" \/><\/div><\/div><\/div><div class=\"supRow cfsFieldsRow\"><div class=\"supSm12 cfsFieldCol\" data-name=\"subject\" data-type=\"text\"><div class=\"cfsFieldShell cfsField_text\" ><input type=\"text\" name=\"fields[subject]\" value=\"\" data-name=\"subject\" required  placeholder=\"Th\u00e8me de votre action\" \/><\/div><\/div><\/div><div class=\"supRow cfsFieldsRow\"><div class=\"supSm12 cfsFieldCol\" data-name=\"context\" data-type=\"textarea\"><div class=\"cfsFieldShell cfsField_textarea\" ><textarea name=\"fields[context]\" data-name=\"context\" placeholder=\"Contexte : pourquoi cette proposition  d&#039;action ?\" supRows=\"3\" cols=\"50\"><\/textarea><\/div><\/div><\/div><div class=\"supRow cfsFieldsRow\"><div class=\"supSm12 cfsFieldCol\" data-name=\"description\" data-type=\"textarea\"><div class=\"cfsFieldShell cfsField_textarea\" ><textarea name=\"fields[description]\" data-name=\"description\" required  placeholder=\"Description de l&#039;action :  explication de l&#039;id\u00e9e, date possible de mise en \u0153uvre, dur\u00e9e de l&#039;action (de quand \u00e0 quand), proposition de d\u00e9roul\u00e9\" supRows=\"3\" cols=\"50\"><\/textarea><\/div><\/div><\/div><div class=\"supRow cfsFieldsRow\"><div class=\"supSm12 cfsFieldCol\" data-name=\"objectif_VU\" data-type=\"textarea\"><div class=\"cfsFieldShell cfsField_textarea\" ><textarea name=\"fields[objectif_VU]\" data-name=\"objectif_VU\" placeholder=\"En quoi cette proposition r\u00e9pond aux objectifs de V\u00e9lo Utile ?\" supRows=\"3\" cols=\"50\"><\/textarea><\/div><\/div><\/div><div class=\"supRow cfsFieldsRow\"><div class=\"supSm12 cfsFieldCol\" data-name=\"besoin_benevoles_preparation\" data-type=\"textarea\"><div class=\"cfsFieldShell cfsField_textarea\" ><textarea name=\"fields[besoin_benevoles_preparation]\" data-name=\"besoin_benevoles_preparation\" placeholder=\"Quel est le besoin en b\u00e9n\u00e9voles pour pr\u00e9parer cette action ?\" supRows=\"3\" cols=\"50\"><\/textarea><\/div><\/div><\/div><div class=\"supRow cfsFieldsRow\"><div class=\"supSm12 cfsFieldCol\" data-name=\"besoin_benevoles_jour_J\" data-type=\"textarea\"><div class=\"cfsFieldShell cfsField_textarea\" ><textarea name=\"fields[besoin_benevoles_jour_J]\" data-name=\"besoin_benevoles_jour_J\" placeholder=\"Quel est le besoin en b\u00e9n\u00e9voles pour mener l&#039;action (le jour J).\" supRows=\"3\" cols=\"50\"><\/textarea><\/div><\/div><\/div><div class=\"supRow cfsFieldsRow\"><div class=\"supSm12 cfsFieldCol\" data-name=\"besoin_financier\" data-type=\"textarea\"><div class=\"cfsFieldShell cfsField_textarea\" ><textarea name=\"fields[besoin_financier]\" data-name=\"besoin_financier\" placeholder=\"Quel est le besoin financier pour mener l&#039;action ?\" supRows=\"3\" cols=\"50\"><\/textarea><\/div><\/div><\/div><div class=\"supRow cfsFieldsRow\"><div class=\"supSm12 cfsFieldCol\" data-name=\"partenaires\" data-type=\"textarea\"><div class=\"cfsFieldShell cfsField_textarea\" ><textarea name=\"fields[partenaires]\" data-name=\"partenaires\" placeholder=\"Des partenaires externes \u00e0 l&#039;association doivent \u2013 ils \u00eatre impliqu\u00e9s dans l&#039;action ?\" supRows=\"3\" cols=\"50\"><\/textarea><\/div><\/div><\/div><div class=\"supRow cfsFieldsRow\"><div class=\"supSm6 cfsFieldCol\" data-name=\"send\" data-type=\"submit\"><div class=\"cfsFieldShell cfsField_submit\" ><input type=\"submit\" name=\"fields[send]\" value=\"Soumettre\" data-name=\"send\" \/><\/div><\/div><div class=\"supSm6 cfsFieldCol\" data-name=\"reset\" data-type=\"reset\"><div class=\"cfsFieldShell cfsField_reset\" ><input type=\"reset\" name=\"fields[reset]\" value=\"Remettre \u00e0 z\u00e9ro\" data-name=\"reset\" \/><\/div><\/div><\/div>\n<input type=\"hidden\" name=\"mod\" value=\"forms\"  \/><input type=\"hidden\" name=\"action\" value=\"contact\"  \/><input type=\"hidden\" name=\"id\" value=\"11\"  \/><input type=\"hidden\" name=\"_wpnonce\" value=\"a596fd071e\"  \/><div class=\"cfsContactMsg\"><\/div><\/form><\/div><span style=\"display: none !important;\" class=\"cfsFormDesc\">eyJpZCI6IjExIiwibGFiZWwiOiJGaWNoZSBhY3Rpb24iLCJhY3RpdmUiOiIxIiwib3JpZ2luYWxfaWQiOiIxIiwidW5pcXVlX2lkIjoid2VmajIiLCJwYXJhbXMiOnsiZW5hYmxlRm9yTWVtYmVyc2hpcCI6IjAiLCJ0cGwiOnsid2lkdGgiOiIxMDAiLCJ3aWR0aF9tZWFzdXJlIjoiJSIsImJnX3R5cGVfMCI6Im5vbmUiLCJiZ19pbWdfMCI6IiIsImJnX2NvbG9yXzAiOiIjODFkNzQyIiwiYmdfdHlwZV8xIjoiY29sb3IiLCJiZ19pbWdfMSI6IiIsImJnX2NvbG9yXzEiOiIjMzMzMzMzIiwiYmdfdHlwZV8yIjoiY29sb3IiLCJiZ19pbWdfMiI6IiIsImJnX2NvbG9yXzIiOiIjODFkNzQyIiwiYmdfdHlwZV8zIjoiY29sb3IiLCJiZ19pbWdfMyI6IiIsImJnX2NvbG9yXzMiOiIjZGQ5OTMzIiwiZmllbGRfZXJyb3JfaW52YWxpZCI6IiIsImZvcm1fc2VudF9tc2ciOiJUaGFuayB5b3UgZm9yIGNvbnRhY3RpbmcgdXMhIiwiZm9ybV9zZW50X21zZ19jb2xvciI6IiM0YWU4ZWEiLCJoaWRlX29uX3N1Ym1pdCI6IjEiLCJyZWRpcmVjdF9vbl9zdWJtaXQiOiIiLCJ0ZXN0X2VtYWlsIjoiZGhhYXNlQGZyZWUuZnIiLCJzYXZlX2NvbnRhY3RzIjoiMSIsImV4cF9kZWxpbSI6IjsiLCJmYl9jb252ZXJ0X2Jhc2UiOiIiLCJwdWJfcG9zdF90eXBlIjoicG9zdCIsInB1Yl9wb3N0X3N0YXR1cyI6InB1Ymxpc2giLCJyZWdfd3BfY3JlYXRlX3VzZXJfcm9sZSI6InN1YnNjcmliZXIiLCJmaWVsZF93cmFwcGVyIjoiPGRpdiBbZmllbGRfc2hlbGxfY2xhc3Nlc10gW2ZpZWxkX3NoZWxsX3N0eWxlc10+W2ZpZWxkXTxcL2Rpdj4ifSwiZmllbGRzIjpbeyJic19jbGFzc19pZCI6IjYiLCJuYW1lIjoiZmlyc3RfbmFtZSIsImxhYmVsIjoiIiwicGxhY2Vob2xkZXIiOiJWb3RyZSBQclx1MDBlOW5vbSIsInZhbHVlIjoiIiwidmFsdWVfcHJlc2V0IjoiIiwiaHRtbCI6InRleHQiLCJtYW5kYXRvcnkiOiIxIiwibWluX3NpemUiOiIiLCJtYXhfc2l6ZSI6IiIsImFkZF9jbGFzc2VzIjoiIiwiYWRkX3N0eWxlcyI6IiIsImFkZF9hdHRyIjoiIiwidm5fb25seV9udW1iZXIiOiIwIiwidm5fb25seV9sZXR0ZXJzIjoiMCIsInZuX3BhdHRlcm4iOiIwIiwidm5fZXF1YWwiOiIiLCJpY29uX2NsYXNzIjoiIiwiaWNvbl9zaXplIjoiIiwiaWNvbl9jb2xvciI6IiJ9LHsiYnNfY2xhc3NfaWQiOiI2IiwibmFtZSI6Imxhc3RfbmFtZSIsImxhYmVsIjoiIiwicGxhY2Vob2xkZXIiOiJWb3RyZSBOb20iLCJ2YWx1ZSI6IiIsInZhbHVlX3ByZXNldCI6IiIsImh0bWwiOiJ0ZXh0IiwibWFuZGF0b3J5IjoiMSIsIm1pbl9zaXplIjoiIiwibWF4X3NpemUiOiIiLCJhZGRfY2xhc3NlcyI6IiIsImFkZF9zdHlsZXMiOiIiLCJhZGRfYXR0ciI6IiIsInZuX29ubHlfbnVtYmVyIjoiMCIsInZuX29ubHlfbGV0dGVycyI6IjAiLCJ2bl9wYXR0ZXJuIjoiMCIsInZuX2VxdWFsIjoiIiwiaWNvbl9jbGFzcyI6IiIsImljb25fc2l6ZSI6IiIsImljb25fY29sb3IiOiIifSx7ImJzX2NsYXNzX2lkIjoiMTIiLCJuYW1lIjoiZW1haWwiLCJsYWJlbCI6IiIsInBsYWNlaG9sZGVyIjoiRW1haWwiLCJ2YWx1ZSI6IiIsInZhbHVlX3ByZXNldCI6IiIsImh0bWwiOiJlbWFpbCIsIm1hbmRhdG9yeSI6IjEiLCJtaW5fc2l6ZSI6IiIsIm1heF9zaXplIjoiIiwiYWRkX2NsYXNzZXMiOiIiLCJhZGRfc3R5bGVzIjoiIiwiYWRkX2F0dHIiOiIiLCJ2bl9vbmx5X251bWJlciI6IjAiLCJ2bl9vbmx5X2xldHRlcnMiOiIwIiwidm5fcGF0dGVybiI6IjAiLCJ2bl9lcXVhbCI6IiIsImljb25fY2xhc3MiOiIiLCJpY29uX3NpemUiOiIiLCJpY29uX2NvbG9yIjoiIn0seyJic19jbGFzc19pZCI6IjEyIiwibmFtZSI6InN1YmplY3QiLCJsYWJlbCI6IiIsInBsYWNlaG9sZGVyIjoiVGhcdTAwZThtZSBkZSB2b3RyZSBhY3Rpb24iLCJ2YWx1ZSI6IiIsInZhbHVlX3ByZXNldCI6IiIsImh0bWwiOiJ0ZXh0IiwibWFuZGF0b3J5IjoiMSIsIm1pbl9zaXplIjoiIiwibWF4X3NpemUiOiIiLCJhZGRfY2xhc3NlcyI6IiIsImFkZF9zdHlsZXMiOiIiLCJhZGRfYXR0ciI6IiIsInZuX29ubHlfbnVtYmVyIjoiMCIsInZuX29ubHlfbGV0dGVycyI6IjAiLCJ2bl9wYXR0ZXJuIjoiMCIsInZuX2VxdWFsIjoiIiwiaWNvbl9jbGFzcyI6IiIsImljb25fc2l6ZSI6IiIsImljb25fY29sb3IiOiIifSx7ImJzX2NsYXNzX2lkIjoiMTIiLCJuYW1lIjoiY29udGV4dCIsImxhYmVsIjoiIiwicGxhY2Vob2xkZXIiOiJDb250ZXh0ZSA6IHBvdXJxdW9pIGNldHRlIHByb3Bvc2l0aW9uICBkJ2FjdGlvbiA\/IiwidmFsdWUiOiIiLCJ2YWx1ZV9wcmVzZXQiOiIiLCJodG1sIjoidGV4dGFyZWEiLCJtYW5kYXRvcnkiOiIwIiwibWluX3NpemUiOiIiLCJtYXhfc2l6ZSI6IiIsImFkZF9jbGFzc2VzIjoiIiwiYWRkX3N0eWxlcyI6IiIsImFkZF9hdHRyIjoiIiwidm5fb25seV9udW1iZXIiOiIwIiwidm5fb25seV9sZXR0ZXJzIjoiMCIsInZuX3BhdHRlcm4iOiIwIiwidm5fZXF1YWwiOiIiLCJpY29uX2NsYXNzIjoiIiwiaWNvbl9zaXplIjoiIiwiaWNvbl9jb2xvciI6IiJ9LHsiYnNfY2xhc3NfaWQiOiIxMiIsIm5hbWUiOiJkZXNjcmlwdGlvbiIsImxhYmVsIjoiIiwicGxhY2Vob2xkZXIiOiJEZXNjcmlwdGlvbiBkZSBsJ2FjdGlvbiA6ICBleHBsaWNhdGlvbiBkZSBsJ2lkXHUwMGU5ZSwgZGF0ZSBwb3NzaWJsZSBkZSBtaXNlIGVuIFx1MDE1M3V2cmUsIGR1clx1MDBlOWUgZGUgbCdhY3Rpb24gKGRlIHF1YW5kIFx1MDBlMCBxdWFuZCksIHByb3Bvc2l0aW9uIGRlIGRcdTAwZTlyb3VsXHUwMGU5IiwidmFsdWUiOiIiLCJ2YWx1ZV9wcmVzZXQiOiIiLCJodG1sIjoidGV4dGFyZWEiLCJtYW5kYXRvcnkiOiIxIiwibWluX3NpemUiOiIiLCJtYXhfc2l6ZSI6IiIsImFkZF9jbGFzc2VzIjoiIiwiYWRkX3N0eWxlcyI6IiIsImFkZF9hdHRyIjoiIiwidm5fb25seV9udW1iZXIiOiIwIiwidm5fb25seV9sZXR0ZXJzIjoiMCIsInZuX3BhdHRlcm4iOiIiLCJ2bl9lcXVhbCI6IiIsImljb25fY2xhc3MiOiIiLCJpY29uX3NpemUiOiIiLCJpY29uX2NvbG9yIjoiIn0seyJic19jbGFzc19pZCI6IjEyIiwibmFtZSI6Im9iamVjdGlmX1ZVIiwibGFiZWwiOiIiLCJwbGFjZWhvbGRlciI6IkVuIHF1b2kgY2V0dGUgcHJvcG9zaXRpb24gclx1MDBlOXBvbmQgYXV4IG9iamVjdGlmcyBkZSBWXHUwMGU5bG8gVXRpbGUgPyIsInZhbHVlIjoiIiwidmFsdWVfcHJlc2V0IjoiIiwiaHRtbCI6InRleHRhcmVhIiwibWFuZGF0b3J5IjoiMCIsIm1pbl9zaXplIjoiIiwibWF4X3NpemUiOiIiLCJhZGRfY2xhc3NlcyI6IiIsImFkZF9zdHlsZXMiOiIiLCJhZGRfYXR0ciI6IiIsInZuX29ubHlfbnVtYmVyIjoiMCIsInZuX29ubHlfbGV0dGVycyI6IjAiLCJ2bl9wYXR0ZXJuIjoiIiwidm5fZXF1YWwiOiIiLCJpY29uX2NsYXNzIjoiIiwiaWNvbl9zaXplIjoiIiwiaWNvbl9jb2xvciI6IiJ9LHsiYnNfY2xhc3NfaWQiOiIxMiIsIm5hbWUiOiJiZXNvaW5fYmVuZXZvbGVzX3ByZXBhcmF0aW9uIiwibGFiZWwiOiIiLCJwbGFjZWhvbGRlciI6IlF1ZWwgZXN0IGxlIGJlc29pbiBlbiBiXHUwMGU5blx1MDBlOXZvbGVzIHBvdXIgcHJcdTAwZTlwYXJlciBjZXR0ZSBhY3Rpb24gPyIsInZhbHVlIjoiIiwidmFsdWVfcHJlc2V0IjoiIiwiaHRtbCI6InRleHRhcmVhIiwibWFuZGF0b3J5IjoiMCIsIm1pbl9zaXplIjoiIiwibWF4X3NpemUiOiIiLCJhZGRfY2xhc3NlcyI6IiIsImFkZF9zdHlsZXMiOiIiLCJhZGRfYXR0ciI6IiIsInZuX29ubHlfbnVtYmVyIjoiMCIsInZuX29ubHlfbGV0dGVycyI6IjAiLCJ2bl9wYXR0ZXJuIjoiIiwidm5fZXF1YWwiOiIiLCJpY29uX2NsYXNzIjoiIiwiaWNvbl9zaXplIjoiIiwiaWNvbl9jb2xvciI6IiJ9LHsiYnNfY2xhc3NfaWQiOiIxMiIsIm5hbWUiOiJiZXNvaW5fYmVuZXZvbGVzX2pvdXJfSiIsImxhYmVsIjoiIiwicGxhY2Vob2xkZXIiOiJRdWVsIGVzdCBsZSBiZXNvaW4gZW4gYlx1MDBlOW5cdTAwZTl2b2xlcyBwb3VyIG1lbmVyIGwnYWN0aW9uIChsZSBqb3VyIEopLiIsInZhbHVlIjoiIiwidmFsdWVfcHJlc2V0IjoiIiwiaHRtbCI6InRleHRhcmVhIiwibWFuZGF0b3J5IjoiMCIsIm1pbl9zaXplIjoiIiwibWF4X3NpemUiOiIiLCJhZGRfY2xhc3NlcyI6IiIsImFkZF9zdHlsZXMiOiIiLCJhZGRfYXR0ciI6IiIsInZuX29ubHlfbnVtYmVyIjoiMCIsInZuX29ubHlfbGV0dGVycyI6IjAiLCJ2bl9wYXR0ZXJuIjoiIiwidm5fZXF1YWwiOiIiLCJpY29uX2NsYXNzIjoiIiwiaWNvbl9zaXplIjoiIiwiaWNvbl9jb2xvciI6IiJ9LHsiYnNfY2xhc3NfaWQiOiIxMiIsIm5hbWUiOiJiZXNvaW5fZmluYW5jaWVyIiwibGFiZWwiOiIiLCJwbGFjZWhvbGRlciI6IlF1ZWwgZXN0IGxlIGJlc29pbiBmaW5hbmNpZXIgcG91ciBtZW5lciBsJ2FjdGlvbiA\/IiwidmFsdWUiOiIiLCJ2YWx1ZV9wcmVzZXQiOiIiLCJodG1sIjoidGV4dGFyZWEiLCJtYW5kYXRvcnkiOiIwIiwibWluX3NpemUiOiIiLCJtYXhfc2l6ZSI6IiIsImFkZF9jbGFzc2VzIjoiIiwiYWRkX3N0eWxlcyI6IiIsImFkZF9hdHRyIjoiIiwidm5fb25seV9udW1iZXIiOiIwIiwidm5fb25seV9sZXR0ZXJzIjoiMCIsInZuX3BhdHRlcm4iOiIiLCJ2bl9lcXVhbCI6IiIsImljb25fY2xhc3MiOiIiLCJpY29uX3NpemUiOiIiLCJpY29uX2NvbG9yIjoiIn0seyJic19jbGFzc19pZCI6IjEyIiwibmFtZSI6InBhcnRlbmFpcmVzIiwibGFiZWwiOiIiLCJwbGFjZWhvbGRlciI6IkRlcyBwYXJ0ZW5haXJlcyBleHRlcm5lcyBcdTAwZTAgbCdhc3NvY2lhdGlvbiBkb2l2ZW50IFx1MjAxMyBpbHMgXHUwMGVhdHJlIGltcGxpcXVcdTAwZTlzIGRhbnMgbCdhY3Rpb24gPyIsInZhbHVlIjoiIiwidmFsdWVfcHJlc2V0IjoiIiwiaHRtbCI6InRleHRhcmVhIiwibWFuZGF0b3J5IjoiMCIsIm1pbl9zaXplIjoiIiwibWF4X3NpemUiOiIiLCJhZGRfY2xhc3NlcyI6IiIsImFkZF9zdHlsZXMiOiIiLCJhZGRfYXR0ciI6IiIsInZuX29ubHlfbnVtYmVyIjoiMCIsInZuX29ubHlfbGV0dGVycyI6IjAiLCJ2bl9wYXR0ZXJuIjoiIiwidm5fZXF1YWwiOiIiLCJpY29uX2NsYXNzIjoiIiwiaWNvbl9zaXplIjoiIiwiaWNvbl9jb2xvciI6IiJ9LHsiYnNfY2xhc3NfaWQiOiI2IiwibmFtZSI6InNlbmQiLCJsYWJlbCI6IlNvdW1ldHRyZSIsImh0bWwiOiJzdWJtaXQiLCJhZGRfY2xhc3NlcyI6IiIsImFkZF9zdHlsZXMiOiIiLCJhZGRfYXR0ciI6IiIsImljb25fY2xhc3MiOiIiLCJpY29uX3NpemUiOiIiLCJpY29uX2NvbG9yIjoiIn0seyJic19jbGFzc19pZCI6IjYiLCJuYW1lIjoicmVzZXQiLCJsYWJlbCI6IlJlbWV0dHJlIFx1MDBlMCB6XHUwMGU5cm8iLCJodG1sIjoicmVzZXQiLCJhZGRfY2xhc3NlcyI6IiIsImFkZF9zdHlsZXMiOiIiLCJhZGRfYXR0ciI6IiJ9XSwib3B0c19hdHRycyI6eyJiZ19udW1iZXIiOiI0In19LCJpbWdfcHJldmlldyI6ImJhc2UtY29udGFjdC5qcGciLCJ2aWV3cyI6IjE4NTIiLCJ1bmlxdWVfdmlld3MiOiIxNDEwIiwiYWN0aW9ucyI6IjE4Iiwic29ydF9vcmRlciI6IjEwIiwiaXNfcHJvIjoiMCIsImFiX2lkIjoiMCIsImRhdGVfY3JlYXRlZCI6IjIwMTYtMDUtMDMgMTU6MDE6MDMiLCJpbWdfcHJldmlld191cmwiOiJodHRwczpcL1wvdmVsby11dGlsZS5mclwvc2l0ZVwvd3AtY29udGVudFwvcGx1Z2luc1wvY29udGFjdC1mb3JtLWJ5LXN1cHN5c3RpY1wvYXNzZXRzXC9mb3Jtc1wvaW1nXC9wcmV2aWV3XC9iYXNlLWNvbnRhY3QuanBnIiwidmlld19pZCI6IjExXzgwOTQ2NSIsInZpZXdfaHRtbF9pZCI6ImNzcEZvcm1TaGVsbF8xMV84MDk0NjUiLCJjb25uZWN0X2hhc2giOiJlZTgzZGEzNWRiZGZlMWVmZjQ2YmU2ZDBjNmVlNjFjYSJ9<\/span><\/p>\n<p>&nbsp;<\/p>\n<h2>T\u00e9l\u00e9chargez la fiche pour transmission papier<\/h2>\n<p><a href=\"https:\/\/velo-utile.fr\/site\/wp-content\/uploads\/2017\/03\/VU-Fiche-Action.odt\">T\u00e9l\u00e9charger la fiche action au format .odt<\/a><br \/>\n<a href=\"https:\/\/velo-utile.fr\/site\/wp-content\/uploads\/2017\/03\/VU-Fiche-Action.doc\">T\u00e9l\u00e9charger la fiche action au format .doc<\/a><\/p>\n<p>Si vous ne pouvez pas utiliser le formulaire Internet ci-dessus, nous vous invitons de\u00a0<strong>t\u00e9l\u00e9charger la fiche action<\/strong> et de la transmettre\u00a0\u00e0 contact-AT-velo-utile.fr ( remplacez -AT- par @ ).<\/p>\n<p>Envoyez le \u00e0 l&rsquo;adresse postale<\/p>\n<blockquote><p>V\u00e9lo Utile<br \/>\n29 rue du L\u00e9gu\u00e9<br \/>\n22000 Saint Brieuc<\/p><\/blockquote>\n<p>Vous pourrez<strong> aussi venir au CA<\/strong> \u00a0apporter votre fiche et\u00a0pr\u00e9senter et soutenir votre action si vous voulez. Il est recommand\u00e9 de nous informer de votre venue avant.<\/p>\n<p><strong>C&rsquo;est \u00e0 vous !<\/strong><\/p>\n","protected":false},"excerpt":{"rendered":"<p>Cette fiche est destin\u00e9 \u00e0 tous les adh\u00e9rents et sympathisants de V\u00e9lo Utile qui ont une id\u00e9e d&rsquo;action qui pourrait \u00eatre men\u00e9e par l&rsquo;association et qui souhaitent la proposer au Conseil d&rsquo;Administration (CA). Les propositions sont discut\u00e9es lors des r\u00e9unions<\/p>\n","protected":false},"author":1,"featured_media":1165,"parent":0,"menu_order":6,"comment_status":"closed","ping_status":"closed","template":"","meta":{"footnotes":""},"class_list":["post-600","page","type-page","status-publish","has-post-thumbnail","hentry"],"_links":{"self":[{"href":"https:\/\/velo-utile.fr\/site\/wp-json\/wp\/v2\/pages\/600","targetHints":{"allow":["GET"]}}],"collection":[{"href":"https:\/\/velo-utile.fr\/site\/wp-json\/wp\/v2\/pages"}],"about":[{"href":"https:\/\/velo-utile.fr\/site\/wp-json\/wp\/v2\/types\/page"}],"author":[{"embeddable":true,"href":"https:\/\/velo-utile.fr\/site\/wp-json\/wp\/v2\/users\/1"}],"replies":[{"embeddable":true,"href":"https:\/\/velo-utile.fr\/site\/wp-json\/wp\/v2\/comments?post=600"}],"version-history":[{"count":16,"href":"https:\/\/velo-utile.fr\/site\/wp-json\/wp\/v2\/pages\/600\/revisions"}],"predecessor-version":[{"id":4938,"href":"https:\/\/velo-utile.fr\/site\/wp-json\/wp\/v2\/pages\/600\/revisions\/4938"}],"wp:featuredmedia":[{"embeddable":true,"href":"https:\/\/velo-utile.fr\/site\/wp-json\/wp\/v2\/media\/1165"}],"wp:attachment":[{"href":"https:\/\/velo-utile.fr\/site\/wp-json\/wp\/v2\/media?parent=600"}],"curies":[{"name":"wp","href":"https:\/\/api.w.org\/{rel}","templated":true}]}}