{"id":594,"date":"2007-01-29T10:47:14","date_gmt":"2007-01-29T09:47:14","guid":{"rendered":"http:\/\/velo-utile.fr\/blog02\/?page_id=594"},"modified":"2026-03-05T18:13:43","modified_gmt":"2026-03-05T17:13:43","slug":"adherer","status":"publish","type":"page","link":"https:\/\/velo-utile.fr\/site\/adherer\/","title":{"rendered":"Adh\u00e9rer"},"content":{"rendered":"<h2>Pourquoi adh\u00e9rer ?<\/h2>\n<p>Vos cotisations aident l&rsquo;association V\u00e9lo Utile et ses b\u00e9n\u00e9voles \u00e0 mener des actions en faveur d&rsquo;une utilisation quotidienne de la bicyclette dans l&rsquo;agglom\u00e9ration briochine &#8211; et au del\u00e0. Quelques exemples :<\/p>\n<ul>\n<li>Des interventions r\u00e9guli\u00e8res aupr\u00e8s des \u00e9lus du territoires pour un meilleur am\u00e9nagement cyclable<\/li>\n<li>L&rsquo;animation depuis avril 2014 de l&rsquo;Atelier d&rsquo;auto-r\u00e9paration au <strong>17 rue de Robien, Saint-Brieuc<\/strong><\/li>\n<li>L&rsquo;organisation du forum du voyage \u00e0 v\u00e9lo \u00ab\u00a0Osez partir \u00e0 v\u00e9lo\u00a0\u00bb &#8211; d\u00e9j\u00e0 riche de 4 \u00e9ditions<\/li>\n<li>Des \u00e9v\u00e9nements ponctuels pour rendre plus visible les cyclistes et r\u00e9clamer leur place parmi les autres moyens de transport urbains<\/li>\n<li>Chaque ann\u00e9e, une ballade familiale en week-end<\/li>\n<li>Et bien d&rsquo;autres choses encore &#8230;<\/li>\n<\/ul>\n<h2>Les Statuts de l&rsquo;association<\/h2>\n<p>En adh\u00e9rant \u00e0 V\u00e9lo Utile, vous acceptez les statuts de l&rsquo;association. Consultez-les en cliquant ici -&gt; <a href=\"https:\/\/velo-utile.fr\/site\/wp-content\/uploads\/2024\/01\/STATUTSVU-AGE-17_11_23.pdf\">Statuts, mise \u00e0 jour novembre 2023<\/a><\/p>\n<p>Nos <strong>cotisations<\/strong> sont <strong>valables un an<\/strong> \u00e0 partir de la date de renouvellement. Vous recevrez une carte d&rsquo;adh\u00e9rent\u2022e par mail d\u00e8s que votre adh\u00e9sion sera enregistr\u00e9e.<\/p>\n<h2>Comment adh\u00e9rer ?<\/h2>\n<h2>1. Par courrier postal<\/h2>\n<ol>\n<li>Compl\u00e9tez <a href=\"https:\/\/velo-utile.fr\/site\/wp-content\/uploads\/2025\/03\/VU-Adh-Formulaire-Simple-2025.pdf\" target=\"_blank\" rel=\"noopener\">le bulletin d&rsquo;adh\u00e9sion<\/a><\/li>\n<li>Imprimez le fichier rempli<\/li>\n<li>Joignez votre r\u00e8glement (ch\u00e8que \u00e0 l&rsquo;ordre de \u00ab\u00a0V\u00e9lo Utile\u00a0\u00bb)<\/li>\n<\/ol>\n<ul>\n<li>15 \u20ac annuels pour une adh\u00e9sion individuelle<\/li>\n<li>20 \u20ac annuels pour une adh\u00e9sion famille<\/li>\n<li>5 \u20ac annuels pour une adh\u00e9sion individuelle solidaire\u00a0\u00bbpetit budget\u00a0\u00bb<\/li>\n<li>Autre montant \u00e0 partir de 20 \u20ac pour une adh\u00e9sion de soutien \ud83d\ude42<\/li>\n<li><strong>Note :<\/strong> pour les adh\u00e9sions de personnes morales, demandez une facture !<\/li>\n<\/ul>\n<p>Faire suivre le tout \u00e0 l&rsquo;adresse suivante:<\/p>\n<blockquote><p>VELO UTILE<br \/>\n17 rue de Robien<br \/>\n22000 Saint-Brieuc<\/p><\/blockquote>\n<h2>2. Venez nous trouver sur place<\/h2>\n<p>\u00e0 l&rsquo;adresse suivante :<\/p>\n<blockquote><p>VELO UTILE<br \/>\n17 rue de Robien<br \/>\n22000 Saint-Brieuc<\/p><\/blockquote>\n<h2>3. Adh\u00e9sion en ligne via HelloAsso<\/h2>\n<p><a href=\"https:\/\/www.helloasso.com\/associations\/association-velo-utile\/adhesions\/adherent-vu\" target=\"_blank\" rel=\"noopener\"><img loading=\"lazy\" decoding=\"async\" class=\"alignnone size-medium wp-image-5887\" src=\"https:\/\/velo-utile.fr\/site\/wp-content\/uploads\/2025\/12\/Hello-Asso-300x76.png\" alt=\"\" width=\"300\" height=\"76\" srcset=\"https:\/\/velo-utile.fr\/site\/wp-content\/uploads\/2025\/12\/Hello-Asso-300x76.png 300w, https:\/\/velo-utile.fr\/site\/wp-content\/uploads\/2025\/12\/Hello-Asso.png 329w\" sizes=\"auto, (max-width: 300px) 100vw, 300px\" \/>\u00a0\u00a0 <img loading=\"lazy\" decoding=\"async\" class=\"alignnone size-medium wp-image-5888\" src=\"https:\/\/velo-utile.fr\/site\/wp-content\/uploads\/2025\/12\/helloasso-qrcode-300x300.png\" alt=\"\" width=\"300\" height=\"300\" srcset=\"https:\/\/velo-utile.fr\/site\/wp-content\/uploads\/2025\/12\/helloasso-qrcode-300x300.png 300w, https:\/\/velo-utile.fr\/site\/wp-content\/uploads\/2025\/12\/helloasso-qrcode-150x150.png 150w, https:\/\/velo-utile.fr\/site\/wp-content\/uploads\/2025\/12\/helloasso-qrcode-270x270.png 270w, https:\/\/velo-utile.fr\/site\/wp-content\/uploads\/2025\/12\/helloasso-qrcode-230x230.png 230w, https:\/\/velo-utile.fr\/site\/wp-content\/uploads\/2025\/12\/helloasso-qrcode.png 600w\" sizes=\"auto, (max-width: 300px) 100vw, 300px\" \/><\/a><\/p>\n","protected":false},"excerpt":{"rendered":"<p>Pourquoi adh\u00e9rer ? Vos cotisations aident l&rsquo;association V\u00e9lo Utile et ses b\u00e9n\u00e9voles \u00e0 mener des actions en faveur d&rsquo;une utilisation quotidienne de la bicyclette dans l&rsquo;agglom\u00e9ration briochine &#8211; et au del\u00e0. Quelques exemples : Des interventions r\u00e9guli\u00e8res aupr\u00e8s des \u00e9lus<\/p>\n","protected":false},"author":1,"featured_media":1164,"parent":0,"menu_order":7,"comment_status":"closed","ping_status":"closed","template":"","meta":{"footnotes":""},"class_list":["post-594","page","type-page","status-publish","has-post-thumbnail","hentry"],"_links":{"self":[{"href":"https:\/\/velo-utile.fr\/site\/wp-json\/wp\/v2\/pages\/594","targetHints":{"allow":["GET"]}}],"collection":[{"href":"https:\/\/velo-utile.fr\/site\/wp-json\/wp\/v2\/pages"}],"about":[{"href":"https:\/\/velo-utile.fr\/site\/wp-json\/wp\/v2\/types\/page"}],"author":[{"embeddable":true,"href":"https:\/\/velo-utile.fr\/site\/wp-json\/wp\/v2\/users\/1"}],"replies":[{"embeddable":true,"href":"https:\/\/velo-utile.fr\/site\/wp-json\/wp\/v2\/comments?post=594"}],"version-history":[{"count":56,"href":"https:\/\/velo-utile.fr\/site\/wp-json\/wp\/v2\/pages\/594\/revisions"}],"predecessor-version":[{"id":6533,"href":"https:\/\/velo-utile.fr\/site\/wp-json\/wp\/v2\/pages\/594\/revisions\/6533"}],"wp:featuredmedia":[{"embeddable":true,"href":"https:\/\/velo-utile.fr\/site\/wp-json\/wp\/v2\/media\/1164"}],"wp:attachment":[{"href":"https:\/\/velo-utile.fr\/site\/wp-json\/wp\/v2\/media?parent=594"}],"curies":[{"name":"wp","href":"https:\/\/api.w.org\/{rel}","templated":true}]}}