{"id":3456,"date":"2022-04-12T00:52:30","date_gmt":"2022-04-11T22:52:30","guid":{"rendered":"https:\/\/velo-utile.fr\/site\/?page_id=3456"},"modified":"2026-04-23T10:05:30","modified_gmt":"2026-04-23T08:05:30","slug":"partenaires","status":"publish","type":"page","link":"https:\/\/velo-utile.fr\/site\/partenaires\/","title":{"rendered":"Partenaires"},"content":{"rendered":"<p>V\u00e9lo Utile:<\/p>\n<ul>\n<li>est adh\u00e9rente de la <a href=\"https:\/\/www.fub.fr\/\">FUB<\/a><\/li>\n<li>est adh\u00e9rente du <a href=\"https:\/\/collectif-bicyclette.bzh\/\" target=\"_blank\" rel=\"noopener\">Collectif Bicyclette Bretagne<\/a><\/li>\n<li>est adh\u00e9rente du r\u00e9seau <a href=\"https:\/\/www.heureux-cyclage.org\/\" target=\"_blank\" rel=\"noopener\">L&rsquo;Heureux Cyclage<\/a><\/li>\n<li>est membre du collectif <a href=\"https:\/\/www.facebook.com\/urgenceclimatiquearmor\/\" target=\"_blank\" rel=\"noopener\">Urgence Climatique Armor<\/a><\/li>\n<\/ul>\n","protected":false},"excerpt":{"rendered":"<p>V\u00e9lo Utile: est adh\u00e9rente de la FUB est adh\u00e9rente du Collectif Bicyclette Bretagne est adh\u00e9rente du r\u00e9seau L&rsquo;Heureux Cyclage est membre du collectif Urgence Climatique Armor<\/p>\n","protected":false},"author":10,"featured_media":0,"parent":0,"menu_order":0,"comment_status":"closed","ping_status":"closed","template":"","meta":{"footnotes":""},"class_list":["post-3456","page","type-page","status-publish","hentry"],"_links":{"self":[{"href":"https:\/\/velo-utile.fr\/site\/wp-json\/wp\/v2\/pages\/3456","targetHints":{"allow":["GET"]}}],"collection":[{"href":"https:\/\/velo-utile.fr\/site\/wp-json\/wp\/v2\/pages"}],"about":[{"href":"https:\/\/velo-utile.fr\/site\/wp-json\/wp\/v2\/types\/page"}],"author":[{"embeddable":true,"href":"https:\/\/velo-utile.fr\/site\/wp-json\/wp\/v2\/users\/10"}],"replies":[{"embeddable":true,"href":"https:\/\/velo-utile.fr\/site\/wp-json\/wp\/v2\/comments?post=3456"}],"version-history":[{"count":5,"href":"https:\/\/velo-utile.fr\/site\/wp-json\/wp\/v2\/pages\/3456\/revisions"}],"predecessor-version":[{"id":6776,"href":"https:\/\/velo-utile.fr\/site\/wp-json\/wp\/v2\/pages\/3456\/revisions\/6776"}],"wp:attachment":[{"href":"https:\/\/velo-utile.fr\/site\/wp-json\/wp\/v2\/media?parent=3456"}],"curies":[{"name":"wp","href":"https:\/\/api.w.org\/{rel}","templated":true}]}}