{"id":3430,"date":"2022-04-12T00:21:49","date_gmt":"2022-04-11T22:21:49","guid":{"rendered":"https:\/\/velo-utile.fr\/site\/?page_id=3430"},"modified":"2024-11-13T13:39:13","modified_gmt":"2024-11-13T12:39:13","slug":"amenagement-fonctionnement","status":"publish","type":"page","link":"https:\/\/velo-utile.fr\/site\/amenagement-fonctionnement\/","title":{"rendered":"Am\u00e9nagement &#8211; Fonctionnement"},"content":{"rendered":"<p>Le groupe Am\u00e9nagement se r\u00e9unit chaque <a href=\"https:\/\/velo-utile.fr\/site\/agenda-2\/\">2\u00e8me mercredi<\/a> du mois au <a href=\"https:\/\/www.google.fr\/maps\/place\/Atelier+V%C3%A9lo+Utile\/@48.504822,-2.7667743,571m\/data=!3m1!1e3!4m14!1m7!3m6!1s0x480e1d49f95482d3:0x706c3fe8ef525707!2sAtelier+V%C3%A9lo+Utile!8m2!3d48.504822!4d-2.764194!16s%2Fg%2F11b74p0m86!3m5!1s0x480e1d49f95482d3:0x706c3fe8ef525707!8m2!3d48.504822!4d-2.764194!16s%2Fg%2F11b74p0m86?entry=ttu&amp;g_ep=EgoyMDI0MTExMC4wIKXMDSoASAFQAw%3D%3D\" target=\"_blank\" rel=\"noopener\">local de V\u00e9lo Utile<\/a>, 17 rue de Robien \u00e0 Saint-Brieuc.<\/p>\n<p><strong>Ses missions:<\/strong><\/p>\n<ul>\n<li>Exercer une activit\u00e9 de veille sur les am\u00e9nagements cyclables<\/li>\n<li>Exercer une activit\u00e9 de conseil et d&rsquo;expertise d&rsquo;usager sur les am\u00e9nagements cyclables, aupr\u00e8s des collectivit\u00e9s<\/li>\n<li>Porter la parole des usagers et usag\u00e8res<\/li>\n<\/ul>\n<p>Vous souhaitez plus d&rsquo;am\u00e9nagements cyclables s\u00e9curis\u00e9s pour vos trajets \u00e0 v\u00e9lo ? rejoignez nous !<\/p>\n<p>Vous souhaitez mieux comprendre les enjeux de mobilit\u00e9 de demain ? rejoignez nous !<\/p>\n<p>&nbsp;<\/p>\n","protected":false},"excerpt":{"rendered":"<p>Le groupe Am\u00e9nagement se r\u00e9unit chaque 2\u00e8me mercredi du mois au local de V\u00e9lo Utile, 17 rue de Robien \u00e0 Saint-Brieuc. Ses missions: Exercer une activit\u00e9 de veille sur les am\u00e9nagements cyclables Exercer une activit\u00e9 de conseil et d&rsquo;expertise d&rsquo;usager<\/p>\n","protected":false},"author":10,"featured_media":0,"parent":0,"menu_order":0,"comment_status":"closed","ping_status":"closed","template":"","meta":{"footnotes":""},"class_list":["post-3430","page","type-page","status-publish","hentry"],"_links":{"self":[{"href":"https:\/\/velo-utile.fr\/site\/wp-json\/wp\/v2\/pages\/3430","targetHints":{"allow":["GET"]}}],"collection":[{"href":"https:\/\/velo-utile.fr\/site\/wp-json\/wp\/v2\/pages"}],"about":[{"href":"https:\/\/velo-utile.fr\/site\/wp-json\/wp\/v2\/types\/page"}],"author":[{"embeddable":true,"href":"https:\/\/velo-utile.fr\/site\/wp-json\/wp\/v2\/users\/10"}],"replies":[{"embeddable":true,"href":"https:\/\/velo-utile.fr\/site\/wp-json\/wp\/v2\/comments?post=3430"}],"version-history":[{"count":7,"href":"https:\/\/velo-utile.fr\/site\/wp-json\/wp\/v2\/pages\/3430\/revisions"}],"predecessor-version":[{"id":4944,"href":"https:\/\/velo-utile.fr\/site\/wp-json\/wp\/v2\/pages\/3430\/revisions\/4944"}],"wp:attachment":[{"href":"https:\/\/velo-utile.fr\/site\/wp-json\/wp\/v2\/media?parent=3430"}],"curies":[{"name":"wp","href":"https:\/\/api.w.org\/{rel}","templated":true}]}}