{"id":3421,"date":"2022-04-12T00:10:15","date_gmt":"2022-04-11T22:10:15","guid":{"rendered":"https:\/\/velo-utile.fr\/site\/?page_id=3421"},"modified":"2022-04-22T23:49:16","modified_gmt":"2022-04-22T21:49:16","slug":"velo-ecole","status":"publish","type":"page","link":"https:\/\/velo-utile.fr\/site\/velo-ecole\/","title":{"rendered":"V\u00e9lo \u00e9cole &#8211; Fonctionnement"},"content":{"rendered":"<p><a href=\"https:\/\/velo-utile.fr\/site\/wp-content\/uploads\/2022\/04\/VeloUtile-PictoEcole.jpg\"><img loading=\"lazy\" decoding=\"async\" class=\"alignleft size-medium wp-image-3422\" src=\"https:\/\/velo-utile.fr\/site\/wp-content\/uploads\/2022\/04\/VeloUtile-PictoEcole-300x300.jpg\" alt=\"\" width=\"300\" height=\"300\" srcset=\"https:\/\/velo-utile.fr\/site\/wp-content\/uploads\/2022\/04\/VeloUtile-PictoEcole-300x300.jpg 300w, https:\/\/velo-utile.fr\/site\/wp-content\/uploads\/2022\/04\/VeloUtile-PictoEcole-150x150.jpg 150w, https:\/\/velo-utile.fr\/site\/wp-content\/uploads\/2022\/04\/VeloUtile-PictoEcole-768x768.jpg 768w, https:\/\/velo-utile.fr\/site\/wp-content\/uploads\/2022\/04\/VeloUtile-PictoEcole-270x270.jpg 270w, https:\/\/velo-utile.fr\/site\/wp-content\/uploads\/2022\/04\/VeloUtile-PictoEcole-230x230.jpg 230w, https:\/\/velo-utile.fr\/site\/wp-content\/uploads\/2022\/04\/VeloUtile-PictoEcole-600x600.jpg 600w, https:\/\/velo-utile.fr\/site\/wp-content\/uploads\/2022\/04\/VeloUtile-PictoEcole-100x100.jpg 100w, https:\/\/velo-utile.fr\/site\/wp-content\/uploads\/2022\/04\/VeloUtile-PictoEcole.jpg 827w\" sizes=\"auto, (max-width: 300px) 100vw, 300px\" \/><\/a>La V\u00e9lo \u00e9cole permet \u00e0 toute personne, quel que soit son \u00e2ge, d&rsquo;apprendre ou r\u00e9apprendre \u00e0 faire du v\u00e9lo.<\/p>\n<p>Sessions propos\u00e9es:<\/p>\n<ul>\n<li>apprentissage d\u00e9butant*e<\/li>\n<li>remise en selle<\/li>\n<li>savoir circuler \u00e0 v\u00e9lo en ville (pour personnes sachant d\u00e9j\u00e0 faire du v\u00e9lo).<\/li>\n<\/ul>\n<p>&nbsp;<\/p>\n","protected":false},"excerpt":{"rendered":"<p>La V\u00e9lo \u00e9cole permet \u00e0 toute personne, quel que soit son \u00e2ge, d&rsquo;apprendre ou r\u00e9apprendre \u00e0 faire du v\u00e9lo. Sessions propos\u00e9es: apprentissage d\u00e9butant*e remise en selle savoir circuler \u00e0 v\u00e9lo en ville (pour personnes sachant d\u00e9j\u00e0 faire du v\u00e9lo). &nbsp;<\/p>\n","protected":false},"author":10,"featured_media":0,"parent":0,"menu_order":0,"comment_status":"closed","ping_status":"closed","template":"","meta":{"footnotes":""},"class_list":["post-3421","page","type-page","status-publish","hentry"],"_links":{"self":[{"href":"https:\/\/velo-utile.fr\/site\/wp-json\/wp\/v2\/pages\/3421","targetHints":{"allow":["GET"]}}],"collection":[{"href":"https:\/\/velo-utile.fr\/site\/wp-json\/wp\/v2\/pages"}],"about":[{"href":"https:\/\/velo-utile.fr\/site\/wp-json\/wp\/v2\/types\/page"}],"author":[{"embeddable":true,"href":"https:\/\/velo-utile.fr\/site\/wp-json\/wp\/v2\/users\/10"}],"replies":[{"embeddable":true,"href":"https:\/\/velo-utile.fr\/site\/wp-json\/wp\/v2\/comments?post=3421"}],"version-history":[{"count":4,"href":"https:\/\/velo-utile.fr\/site\/wp-json\/wp\/v2\/pages\/3421\/revisions"}],"predecessor-version":[{"id":3491,"href":"https:\/\/velo-utile.fr\/site\/wp-json\/wp\/v2\/pages\/3421\/revisions\/3491"}],"wp:attachment":[{"href":"https:\/\/velo-utile.fr\/site\/wp-json\/wp\/v2\/media?parent=3421"}],"curies":[{"name":"wp","href":"https:\/\/api.w.org\/{rel}","templated":true}]}}