{"id":3404,"date":"2022-04-11T23:53:10","date_gmt":"2022-04-11T21:53:10","guid":{"rendered":"https:\/\/velo-utile.fr\/site\/?page_id=3404"},"modified":"2026-04-23T13:32:32","modified_gmt":"2026-04-23T11:32:32","slug":"latelier-de-velo-utile-horaires","status":"publish","type":"page","link":"https:\/\/velo-utile.fr\/site\/latelier-de-velo-utile-horaires\/","title":{"rendered":"l&rsquo;Atelier de V\u00e9lo Utile &#8211; Horaires et Adresse"},"content":{"rendered":"\n<h1 class=\"wp-block-heading\">Horaires<\/h1>\n\n\n\n<p><strong>Mercredi 17h-19h<\/strong> : Auto-r\u00e9paration accompagn\u00e9e<\/p>\n\n\n\n<p><s><strong>Jeudi 18h-20h<\/strong> : Auto-r\u00e9paration en autonomie (ouverture si b\u00e9n\u00e9vole disponible)<\/s><\/p>\n\n\n\n<p><em><strong>Samedi 15h-17h<\/strong><\/em> : Auto-r\u00e9paration en autonomie (ouverture si b\u00e9n\u00e9vole disponible)<\/p>\n\n\n\n<h1 class=\"wp-block-heading\">Adresse<\/h1>\n\n\n\n<p>17, rue de Robien \u00e0 Saint-Brieuc<\/p>\n\n\n\n<figure class=\"wp-block-image aligncenter size-large\"><img loading=\"lazy\" decoding=\"async\" width=\"1024\" height=\"593\" src=\"https:\/\/velo-utile.fr\/site\/wp-content\/uploads\/2026\/04\/OSM-17-rue-de-Robien-1024x593.jpg\" alt=\"\" class=\"wp-image-6774\" srcset=\"https:\/\/velo-utile.fr\/site\/wp-content\/uploads\/2026\/04\/OSM-17-rue-de-Robien-1024x593.jpg 1024w, https:\/\/velo-utile.fr\/site\/wp-content\/uploads\/2026\/04\/OSM-17-rue-de-Robien-300x174.jpg 300w, https:\/\/velo-utile.fr\/site\/wp-content\/uploads\/2026\/04\/OSM-17-rue-de-Robien-768x445.jpg 768w, https:\/\/velo-utile.fr\/site\/wp-content\/uploads\/2026\/04\/OSM-17-rue-de-Robien.jpg 1425w\" sizes=\"auto, (max-width: 1024px) 100vw, 1024px\" \/><\/figure>\n\n\n\n<p>&nbsp;<\/p>\n\n\n\n<figure class=\"wp-block-gallery has-nested-images columns-2 is-cropped wp-block-gallery-1 is-layout-flex wp-block-gallery-is-layout-flex\">\n<figure class=\"wp-block-image size-large\"><img loading=\"lazy\" decoding=\"async\" width=\"885\" height=\"487\" data-id=\"3416\" src=\"https:\/\/velo-utile.fr\/site\/wp-content\/uploads\/2022\/04\/atelier-velo-utile.jpg\" alt=\"\" class=\"wp-image-3416\" srcset=\"https:\/\/velo-utile.fr\/site\/wp-content\/uploads\/2022\/04\/atelier-velo-utile.jpg 885w, https:\/\/velo-utile.fr\/site\/wp-content\/uploads\/2022\/04\/atelier-velo-utile-300x165.jpg 300w, https:\/\/velo-utile.fr\/site\/wp-content\/uploads\/2022\/04\/atelier-velo-utile-768x423.jpg 768w, https:\/\/velo-utile.fr\/site\/wp-content\/uploads\/2022\/04\/atelier-velo-utile-600x330.jpg 600w\" sizes=\"auto, (max-width: 885px) 100vw, 885px\" \/><\/figure>\n<\/figure>\n","protected":false},"excerpt":{"rendered":"<p>Horaires Mercredi 17h-19h : Auto-r\u00e9paration accompagn\u00e9e Jeudi 18h-20h : Auto-r\u00e9paration en autonomie (ouverture si b\u00e9n\u00e9vole disponible) Samedi 15h-17h : Auto-r\u00e9paration en autonomie (ouverture si b\u00e9n\u00e9vole disponible) Adresse 17, rue de Robien \u00e0 Saint-Brieuc &nbsp;<\/p>\n","protected":false},"author":10,"featured_media":0,"parent":0,"menu_order":0,"comment_status":"closed","ping_status":"closed","template":"","meta":{"footnotes":""},"class_list":["post-3404","page","type-page","status-publish","hentry"],"_links":{"self":[{"href":"https:\/\/velo-utile.fr\/site\/wp-json\/wp\/v2\/pages\/3404","targetHints":{"allow":["GET"]}}],"collection":[{"href":"https:\/\/velo-utile.fr\/site\/wp-json\/wp\/v2\/pages"}],"about":[{"href":"https:\/\/velo-utile.fr\/site\/wp-json\/wp\/v2\/types\/page"}],"author":[{"embeddable":true,"href":"https:\/\/velo-utile.fr\/site\/wp-json\/wp\/v2\/users\/10"}],"replies":[{"embeddable":true,"href":"https:\/\/velo-utile.fr\/site\/wp-json\/wp\/v2\/comments?post=3404"}],"version-history":[{"count":7,"href":"https:\/\/velo-utile.fr\/site\/wp-json\/wp\/v2\/pages\/3404\/revisions"}],"predecessor-version":[{"id":6780,"href":"https:\/\/velo-utile.fr\/site\/wp-json\/wp\/v2\/pages\/3404\/revisions\/6780"}],"wp:attachment":[{"href":"https:\/\/velo-utile.fr\/site\/wp-json\/wp\/v2\/media?parent=3404"}],"curies":[{"name":"wp","href":"https:\/\/api.w.org\/{rel}","templated":true}]}}