{"id":2055,"date":"2020-05-10T01:19:31","date_gmt":"2020-05-09T23:19:31","guid":{"rendered":"https:\/\/velo-utile.fr\/site\/?page_id=2055"},"modified":"2021-08-26T07:48:18","modified_gmt":"2021-08-26T05:48:18","slug":"latelier-velo-utile-planning-benevoles","status":"publish","type":"page","link":"https:\/\/velo-utile.fr\/site\/latelier-velo-utile-planning-benevoles\/","title":{"rendered":"L\u2019atelier V\u00e9lo Utile #d\u00e9confin\u00e9 \u2013 planning BENEVOLES"},"content":{"rendered":"<p>D\u00e9sormais deux sessions seront assur\u00e9es par les b\u00e9n\u00e9voles :<\/p>\n<ul>\n<li><strong>Le mercredi de 17h \u00e0 19h\u00a0 <\/strong>c\u2019est \u00ab Autor\u00e9paration Accompagn\u00e9e \u00bb.<\/li>\n<li><strong>Le jeudi de 17h \u00e0 19h,<\/strong> c\u2019est \u00ab\u00a0Autor\u00e9paration En Autonomie\u00a0\u00bb.<\/li>\n<\/ul>\n<p><strong>Les r\u00e8gles sanitaires <\/strong>restent pour le moment inchang\u00e9es \u2013 <strong>jamais plus de 10 personnes cumul\u00e9es<\/strong>\u00a0sur site b\u00e9n\u00e9voles encadrants\u00a0<strong>et<\/strong> visiteurs compris. En cas de question ou pour des annulations \u00e9crivez un email \u00e0 <a href=\"mailto:atelier@velo-utile.fr\">atelier@velo-utile.fr<\/a>.<\/p>\n<p>Inscriptions en tant que b\u00e9n\u00e9vole pour accompagner une session <strong>le MERCREDI.\u00a0 <\/strong><\/p>\n<ul>\n<li>Une session d&rsquo;auto-r\u00e9paration accompagn\u00e9e <strong>le mercredi de 17h \u00e0 19h<\/strong>, ouverte aux adh\u00e9rents <strong>dans la limite de 5 places<\/strong> par session<\/li>\n<li>Chaque session est compl\u00e9t\u00e9e par un maximum de <strong>5 b\u00e9n\u00e9voles encadrants<\/strong>. Si nous n&rsquo;avons pas assez de b\u00e9n\u00e9voles nous devons annuler la session, mais nous vous le confirmerons au plus vite aux coordonn\u00e9es que vous avez laiss\u00e9es.<\/li>\n<li>Les t\u00e2ches du mercredi :\n<ul>\n<li>ouvrir et fermer l&rsquo;atelier<\/li>\n<li>aiguiller les visiteurs<\/li>\n<li>g\u00e9rer les encaissements et adh\u00e9sions (pas d&rsquo;obligation de prendre les coups de pouce v\u00e9lo)<\/li>\n<li>faire respecter les bonnes pratiques de l&rsquo;atelier (rangement, nettoyage)<\/li>\n<li><strong>accompagner<\/strong> les visiteurs dans leurs r\u00e9parations<\/li>\n<li><strong>diagnostiquer<\/strong> les pannes<\/li>\n<\/ul>\n<\/li>\n<\/ul>\n<h1>MERCREDI<\/h1>\n<p>Inscriptions en tant que b\u00e9n\u00e9vole pour accompagner une session <strong>le JEUDI.\u00a0 <\/strong><\/p>\n<ul>\n<li>Une session d&rsquo;auto-r\u00e9paration autonome <strong>le jeudi de 17h00 \u00e0 19h00<\/strong>, ouverte aux adh\u00e9rents <strong>dans la limite de 10 personnes sur site<\/strong><\/li>\n<li>Chaque session est compl\u00e9t\u00e9e par un minimum de <strong>2 b\u00e9n\u00e9voles encadrants<\/strong>. Si nous n&rsquo;avons pas assez de b\u00e9n\u00e9voles nous devons annuler la session, mais nous vous le confirmerons au plus vite aux coordonn\u00e9es que vous avez laiss\u00e9es.<\/li>\n<li>Les t\u00e2ches du jeudi :\n<ul>\n<li>ouvrir et fermer l&rsquo;atelier<\/li>\n<li>aiguiller les visiteurs<\/li>\n<li>g\u00e9rer les encaissements et adh\u00e9sions (pas d&rsquo;obligation de prendre les coups de pouce v\u00e9lo)<\/li>\n<li>faire respecter les bonnes pratiques de l&rsquo;atelier (rangement, nettoyage)<\/li>\n<\/ul>\n<\/li>\n<\/ul>\n<p>[pta_sign_up_sheet ID=\u00a0\u00bb60&Prime; list_title=\u00a0\u00bb1&Prime; show_headers=\u00a0\u00bbno\u00a0\u00bb]<\/p>\n<h1>JEUDI<\/h1>\n<p class=\"entry-title\">[pta_sign_up_sheet ID=\u00a0\u00bb58&Prime; list_title=\u00a0\u00bb1&Prime; show_headers=\u00a0\u00bbno\u00a0\u00bb]<\/p>\n","protected":false},"excerpt":{"rendered":"<p>D\u00e9sormais deux sessions seront assur\u00e9es par les b\u00e9n\u00e9voles : Le mercredi de 17h \u00e0 19h\u00a0 c\u2019est \u00ab Autor\u00e9paration Accompagn\u00e9e \u00bb. Le jeudi de 17h \u00e0 19h, c\u2019est \u00ab\u00a0Autor\u00e9paration En Autonomie\u00a0\u00bb. Les r\u00e8gles sanitaires restent pour le moment inchang\u00e9es \u2013 jamais<\/p>\n","protected":false},"author":1,"featured_media":0,"parent":0,"menu_order":0,"comment_status":"closed","ping_status":"closed","template":"","meta":{"footnotes":""},"class_list":["post-2055","page","type-page","status-publish","hentry"],"_links":{"self":[{"href":"https:\/\/velo-utile.fr\/site\/wp-json\/wp\/v2\/pages\/2055","targetHints":{"allow":["GET"]}}],"collection":[{"href":"https:\/\/velo-utile.fr\/site\/wp-json\/wp\/v2\/pages"}],"about":[{"href":"https:\/\/velo-utile.fr\/site\/wp-json\/wp\/v2\/types\/page"}],"author":[{"embeddable":true,"href":"https:\/\/velo-utile.fr\/site\/wp-json\/wp\/v2\/users\/1"}],"replies":[{"embeddable":true,"href":"https:\/\/velo-utile.fr\/site\/wp-json\/wp\/v2\/comments?post=2055"}],"version-history":[{"count":60,"href":"https:\/\/velo-utile.fr\/site\/wp-json\/wp\/v2\/pages\/2055\/revisions"}],"predecessor-version":[{"id":3031,"href":"https:\/\/velo-utile.fr\/site\/wp-json\/wp\/v2\/pages\/2055\/revisions\/3031"}],"wp:attachment":[{"href":"https:\/\/velo-utile.fr\/site\/wp-json\/wp\/v2\/media?parent=2055"}],"curies":[{"name":"wp","href":"https:\/\/api.w.org\/{rel}","templated":true}]}}