{"id":1993,"date":"2020-05-09T01:45:32","date_gmt":"2020-05-08T23:45:32","guid":{"rendered":"https:\/\/velo-utile.fr\/site\/?page_id=1993"},"modified":"2020-05-10T23:28:20","modified_gmt":"2020-05-10T21:28:20","slug":"atelier-deconfine-inscriptions","status":"publish","type":"page","link":"https:\/\/velo-utile.fr\/site\/atelier-deconfine-inscriptions\/","title":{"rendered":"L&rsquo;atelier V\u00e9lu Utile #d\u00e9confin\u00e9 &#8211; inscriptions aux sessions"},"content":{"rendered":"<p><strong>L&rsquo;acc\u00e8s<\/strong> \u00e0 l&rsquo;Atelier V\u00e9lo Utile est d\u00e9sormais <strong>soumis \u00e0 r\u00e9servation<\/strong>. Merci de votre compr\u00e9hension.<\/p>\n<ul>\n<li>VISITEURS &#8211; inscrivez-vous sur les cr\u00e9neaux <a href=\"https:\/\/velo-utile.fr\/site\/latelier-velo-utile-planning-visiteurs\/\" target=\"_blank\" rel=\"noopener noreferrer\">du planning visiteurs<\/a><\/li>\n<li>B\u00c9N\u00c9VOLES &#8211; inscrivez-vous sur les cr\u00e9neaux <a href=\"https:\/\/velo-utile.fr\/site\/latelier-velo-utile-planning-benevoles\/\" target=\"_blank\" rel=\"noopener noreferrer\">du planning b\u00e9n\u00e9voles<\/a><\/li>\n<\/ul>\n<p><strong><img loading=\"lazy\" decoding=\"async\" class=\"alignright size-thumbnail wp-image-2126\" src=\"https:\/\/velo-utile.fr\/site\/wp-content\/uploads\/2020\/05\/logo-vu-masque-150x150.jpg\" alt=\"\" width=\"150\" height=\"150\" srcset=\"https:\/\/velo-utile.fr\/site\/wp-content\/uploads\/2020\/05\/logo-vu-masque-150x150.jpg 150w, https:\/\/velo-utile.fr\/site\/wp-content\/uploads\/2020\/05\/logo-vu-masque-300x300.jpg 300w, https:\/\/velo-utile.fr\/site\/wp-content\/uploads\/2020\/05\/logo-vu-masque-768x768.jpg 768w, https:\/\/velo-utile.fr\/site\/wp-content\/uploads\/2020\/05\/logo-vu-masque-270x270.jpg 270w, https:\/\/velo-utile.fr\/site\/wp-content\/uploads\/2020\/05\/logo-vu-masque-230x230.jpg 230w, https:\/\/velo-utile.fr\/site\/wp-content\/uploads\/2020\/05\/logo-vu-masque-600x600.jpg 600w, https:\/\/velo-utile.fr\/site\/wp-content\/uploads\/2020\/05\/logo-vu-masque-100x100.jpg 100w, https:\/\/velo-utile.fr\/site\/wp-content\/uploads\/2020\/05\/logo-vu-masque.jpg 770w\" sizes=\"auto, (max-width: 150px) 100vw, 150px\" \/>Merci \u00e0 tous de jouer le jeu!<\/strong> Si vous avez r\u00e9serv\u00e9 un cr\u00e9neau alors venez! Si vous avez un emp\u00eachement lib\u00e9rez le cr\u00e9neau suffisamment \u00e0 l&rsquo;avance ou pr\u00e9venez-nous!<\/p>\n<p><strong>Apportez votre masque!<\/strong><\/p>\n<p>[pta_sign_up_sheet]<\/p>\n<p>L&rsquo;Atelier en mode #d\u00e9confin\u00e9 &#8211; <a href=\"https:\/\/velo-utile.fr\/site\/latelier-velo-utile-deconfine\/\">Mode d&#8217;emploi<\/a>.<\/p>\n","protected":false},"excerpt":{"rendered":"<p>L&rsquo;acc\u00e8s \u00e0 l&rsquo;Atelier V\u00e9lo Utile est d\u00e9sormais soumis \u00e0 r\u00e9servation. Merci de votre compr\u00e9hension. VISITEURS &#8211; inscrivez-vous sur les cr\u00e9neaux du planning visiteurs B\u00c9N\u00c9VOLES &#8211; inscrivez-vous sur les cr\u00e9neaux du planning b\u00e9n\u00e9voles Merci \u00e0 tous de jouer le jeu! Si<\/p>\n","protected":false},"author":1,"featured_media":0,"parent":0,"menu_order":0,"comment_status":"closed","ping_status":"closed","template":"","meta":{"footnotes":""},"class_list":["post-1993","page","type-page","status-publish","hentry"],"_links":{"self":[{"href":"https:\/\/velo-utile.fr\/site\/wp-json\/wp\/v2\/pages\/1993","targetHints":{"allow":["GET"]}}],"collection":[{"href":"https:\/\/velo-utile.fr\/site\/wp-json\/wp\/v2\/pages"}],"about":[{"href":"https:\/\/velo-utile.fr\/site\/wp-json\/wp\/v2\/types\/page"}],"author":[{"embeddable":true,"href":"https:\/\/velo-utile.fr\/site\/wp-json\/wp\/v2\/users\/1"}],"replies":[{"embeddable":true,"href":"https:\/\/velo-utile.fr\/site\/wp-json\/wp\/v2\/comments?post=1993"}],"version-history":[{"count":17,"href":"https:\/\/velo-utile.fr\/site\/wp-json\/wp\/v2\/pages\/1993\/revisions"}],"predecessor-version":[{"id":2139,"href":"https:\/\/velo-utile.fr\/site\/wp-json\/wp\/v2\/pages\/1993\/revisions\/2139"}],"wp:attachment":[{"href":"https:\/\/velo-utile.fr\/site\/wp-json\/wp\/v2\/media?parent=1993"}],"curies":[{"name":"wp","href":"https:\/\/api.w.org\/{rel}","templated":true}]}}